{"id":359,"date":"2024-10-21T18:08:31","date_gmt":"2024-10-21T16:08:31","guid":{"rendered":"https:\/\/ahorrogasn2.com\/inicio\/"},"modified":"2025-05-12T15:44:30","modified_gmt":"2025-05-12T13:44:30","slug":"inicio","status":"publish","type":"page","link":"https:\/\/ahorrogasn2.com\/it\/","title":{"rendered":"Pagina principale"},"content":{"rendered":"\t\t<div data-elementor-type=\"wp-page\" data-elementor-id=\"359\" class=\"elementor elementor-359 elementor-7\" data-elementor-post-type=\"page\">\n\t\t\t\t<div class=\"elementor-element elementor-element-3834ce2 e-con-full e-flex e-con e-parent\" data-id=\"3834ce2\" data-element_type=\"container\" data-settings=\"{&quot;background_background&quot;:&quot;slideshow&quot;,&quot;background_slideshow_gallery&quot;:[{&quot;id&quot;:29,&quot;url&quot;:&quot;https:\\\/\\\/ahorrogasn2.com\\\/wp-content\\\/uploads\\\/2024\\\/10\\\/bg-home2.jpg&quot;}],&quot;background_slideshow_ken_burns&quot;:&quot;yes&quot;,&quot;background_slideshow_loop&quot;:&quot;yes&quot;,&quot;background_slideshow_slide_duration&quot;:5000,&quot;background_slideshow_slide_transition&quot;:&quot;fade&quot;,&quot;background_slideshow_transition_duration&quot;:500,&quot;background_slideshow_ken_burns_zoom_direction&quot;:&quot;in&quot;}\">\n\t\t\t\t<div class=\"elementor-element elementor-element-4a0785a elementor-widget elementor-widget-heading\" data-id=\"4a0785a\" data-element_type=\"widget\" data-widget_type=\"heading.default\">\n\t\t\t\t<div class=\"elementor-widget-container\">\n\t\t\t\t\t<h2 class=\"elementor-heading-title elementor-size-default\">L\u2019alternativa al consumo convenzionale di gas<\/h2>\t\t\t\t<\/div>\n\t\t\t\t<\/div>\n\t\t\t\t<\/div>\n\t\t<div class=\"elementor-element elementor-element-9e3946d pt-5 e-flex e-con-boxed e-con e-parent\" data-id=\"9e3946d\" data-element_type=\"container\" id=\"calcola\">\n\t\t\t\t\t<div class=\"e-con-inner\">\n\t\t\t\t<div class=\"elementor-element elementor-element-94ca4f9 py-5 elementor-widget elementor-widget-heading\" data-id=\"94ca4f9\" data-element_type=\"widget\" data-widget_type=\"heading.default\">\n\t\t\t\t<div class=\"elementor-widget-container\">\n\t\t\t\t\t<h3 class=\"elementor-heading-title elementor-size-default\">Calcola i tuoi  <span class=\"text-primary\"><strong>risparmi <\/strong><\/span>energetici e scopri come ottimizzare il tuo consumo.<\/h3>\t\t\t\t<\/div>\n\t\t\t\t<\/div>\n\t\t\t\t\t<\/div>\n\t\t\t\t<\/div>\n\t\t<div class=\"elementor-element elementor-element-7d47ec0 e-flex e-con-boxed e-con e-parent\" data-id=\"7d47ec0\" data-element_type=\"container\">\n\t\t\t\t\t<div class=\"e-con-inner\">\n\t\t<div class=\"elementor-element elementor-element-2a219a3 e-con-full e-flex e-con e-child\" data-id=\"2a219a3\" data-element_type=\"container\">\n\t\t\t\t<div class=\"elementor-element elementor-element-9e11f95 elementor-widget elementor-widget-text-editor\" data-id=\"9e11f95\" data-element_type=\"widget\" data-widget_type=\"text-editor.default\">\n\t\t\t\t<div class=\"elementor-widget-container\">\n\t\t\t\t\t\t\t\t\t<p class=\"text-center\"><a class=\"btn btn-block btn-primary\" href=\"https:\/\/ahorrogasn2.com\/it\/soluzioni-per-la-generazione-di-gas\/\">Soluzioni per la generazione di gas:<\/a><\/p>\n<p class=\"text-center small px-3\">Generazione in situ di azoto, ossigeno e miscele specifiche per applicazioni come il confezionamento in atmosfera protettiva (MAP), l&#8217;inertizzazione degli ambienti e altri processi industriali.<\/p>\t\t\t\t\t\t\t\t<\/div>\n\t\t\t\t<\/div>\n\t\t\t\t<\/div>\n\t\t<div class=\"elementor-element elementor-element-b80a11f e-con-full e-flex e-con e-child\" data-id=\"b80a11f\" data-element_type=\"container\">\n\t\t\t\t<div class=\"elementor-element elementor-element-63b2f4f elementor-widget elementor-widget-text-editor\" data-id=\"63b2f4f\" data-element_type=\"widget\" data-widget_type=\"text-editor.default\">\n\t\t\t\t<div class=\"elementor-widget-container\">\n\t\t\t\t\t\t\t\t\t<p class=\"text-center\"><a class=\"btn btn-block btn-primary\" href=\"https:\/\/ahorrogasn2.com\/it\/soluzioni-per-il-freddo-industriale\/\">Soluzioni per il freddo industriale<\/a><\/p>\n<p class=\"small px-2 text-center\">Sistemi di ultra-congelamento, congelamento e refrigerazione meccanica con capacit\u00e0 di raffreddamento a temperature molto basse.\nL\u2019alternativa sostenibile all\u2019uso dell\u2019azoto liquido.<\/p>\t\t\t\t\t\t\t\t<\/div>\n\t\t\t\t<\/div>\n\t\t\t\t<\/div>\n\t\t\t\t\t<\/div>\n\t\t\t\t<\/div>\n\t\t<div class=\"elementor-element elementor-element-c126435 pt-5 e-flex e-con-boxed e-con e-parent\" data-id=\"c126435\" data-element_type=\"container\">\n\t\t\t\t\t<div class=\"e-con-inner\">\n\t\t<div class=\"elementor-element elementor-element-53cfb8c e-con-full e-flex e-con e-child\" data-id=\"53cfb8c\" data-element_type=\"container\">\n\t\t\t\t<div class=\"elementor-element elementor-element-60c9317 elementor-view-default elementor-position-top elementor-mobile-position-top elementor-widget elementor-widget-icon-box\" data-id=\"60c9317\" data-element_type=\"widget\" data-widget_type=\"icon-box.default\">\n\t\t\t\t<div class=\"elementor-widget-container\">\n\t\t\t\t\t\t\t<div class=\"elementor-icon-box-wrapper\">\n\n\t\t\t\t\t\t<div class=\"elementor-icon-box-icon\">\n\t\t\t\t<a href=\"https:\/\/ahorrogasn2.com\/it\/#como-funciona\" class=\"elementor-icon\" tabindex=\"-1\" aria-label=\"COME FUNZIONA\">\n\t\t\t\t<i aria-hidden=\"true\" class=\"fal fa-question-square\"><\/i>\t\t\t\t<\/a>\n\t\t\t<\/div>\n\t\t\t\n\t\t\t\t\t\t<div class=\"elementor-icon-box-content\">\n\n\t\t\t\t\t\t\t\t\t<p class=\"elementor-icon-box-title\">\n\t\t\t\t\t\t<a href=\"https:\/\/ahorrogasn2.com\/it\/#como-funciona\" >\n\t\t\t\t\t\t\tCOME FUNZIONA\t\t\t\t\t\t<\/a>\n\t\t\t\t\t<\/p>\n\t\t\t\t\n\t\t\t\t\n\t\t\t<\/div>\n\t\t\t\n\t\t<\/div>\n\t\t\t\t\t\t<\/div>\n\t\t\t\t<\/div>\n\t\t\t\t<\/div>\n\t\t<div class=\"elementor-element elementor-element-3e118fb e-con-full e-flex e-con e-child\" data-id=\"3e118fb\" data-element_type=\"container\">\n\t\t\t\t<div class=\"elementor-element elementor-element-318cfde elementor-view-default elementor-position-top elementor-mobile-position-top elementor-widget elementor-widget-icon-box\" data-id=\"318cfde\" data-element_type=\"widget\" data-widget_type=\"icon-box.default\">\n\t\t\t\t<div class=\"elementor-widget-container\">\n\t\t\t\t\t\t\t<div class=\"elementor-icon-box-wrapper\">\n\n\t\t\t\t\t\t<div class=\"elementor-icon-box-icon\">\n\t\t\t\t<a href=\"https:\/\/ahorrogasn2.com\/it\/#calcola\" class=\"elementor-icon\" tabindex=\"-1\" aria-label=\"CALCOLA IL TUO RISPARMIO\">\n\t\t\t\t<i aria-hidden=\"true\" class=\"fal fa-calculator-alt\"><\/i>\t\t\t\t<\/a>\n\t\t\t<\/div>\n\t\t\t\n\t\t\t\t\t\t<div class=\"elementor-icon-box-content\">\n\n\t\t\t\t\t\t\t\t\t<p class=\"elementor-icon-box-title\">\n\t\t\t\t\t\t<a href=\"https:\/\/ahorrogasn2.com\/it\/#calcola\" >\n\t\t\t\t\t\t\tCALCOLA IL TUO RISPARMIO\t\t\t\t\t\t<\/a>\n\t\t\t\t\t<\/p>\n\t\t\t\t\n\t\t\t\t\n\t\t\t<\/div>\n\t\t\t\n\t\t<\/div>\n\t\t\t\t\t\t<\/div>\n\t\t\t\t<\/div>\n\t\t\t\t<\/div>\n\t\t\t\t\t<\/div>\n\t\t\t\t<\/div>\n\t\t<div class=\"elementor-element elementor-element-70929d7 py-2 e-flex e-con-boxed e-con e-parent\" data-id=\"70929d7\" data-element_type=\"container\" id=\"como-funciona\">\n\t\t\t\t\t<div class=\"e-con-inner\">\n\t\t\t\t<div class=\"elementor-element elementor-element-2b3c43a elementor-widget elementor-widget-heading\" data-id=\"2b3c43a\" data-element_type=\"widget\" data-widget_type=\"heading.default\">\n\t\t\t\t<div class=\"elementor-widget-container\">\n\t\t\t\t\t<h3 class=\"elementor-heading-title elementor-size-default\"><span class=\"text-primary\">Benefici<\/span> del Calcolatore<\/h3>\t\t\t\t<\/div>\n\t\t\t\t<\/div>\n\t\t\t\t<div class=\"elementor-element elementor-element-1899173 elementor-widget-divider--view-line elementor-widget elementor-widget-divider\" data-id=\"1899173\" data-element_type=\"widget\" data-widget_type=\"divider.default\">\n\t\t\t\t<div class=\"elementor-widget-container\">\n\t\t\t\t\t\t\t<div class=\"elementor-divider\">\n\t\t\t<span class=\"elementor-divider-separator\">\n\t\t\t\t\t\t<\/span>\n\t\t<\/div>\n\t\t\t\t\t\t<\/div>\n\t\t\t\t<\/div>\n\t\t\t\t<div class=\"elementor-element elementor-element-6844666 pt-5 elementor-widget elementor-widget-text-editor\" data-id=\"6844666\" data-element_type=\"widget\" data-widget_type=\"text-editor.default\">\n\t\t\t\t<div class=\"elementor-widget-container\">\n\t\t\t\t\t\t\t\t\t<ol>\n \t<li>Risparmio a portata di mano: Visualizza in modo semplice e rapido quanto puoi ridurre la tua bolletta energetica.<\/li>\n \t<li>Facile da usare: Il nostro strumento \u00e8 intuitivo e non richiede conoscenze tecniche.<\/li>\n \t<li>Risultati immediati: In pochi secondi, otterrai una stima chiara dei tuoi potenziali risparmi.<\/li>\n \t<li>Senza impegno: \u00c8 uno strumento orientativo e gratuito che ti aiuta a conoscere le tue possibilit\u00e0 di risparmio.<\/li>\n<\/ol>\t\t\t\t\t\t\t\t<\/div>\n\t\t\t\t<\/div>\n\t\t\t\t\t<\/div>\n\t\t\t\t<\/div>\n\t\t<div class=\"elementor-element elementor-element-7b2f253 py-2 e-flex e-con-boxed e-con e-parent\" data-id=\"7b2f253\" data-element_type=\"container\">\n\t\t\t\t\t<div class=\"e-con-inner\">\n\t\t\t\t<div class=\"elementor-element elementor-element-668e849 elementor-widget elementor-widget-heading\" data-id=\"668e849\" data-element_type=\"widget\" data-widget_type=\"heading.default\">\n\t\t\t\t<div class=\"elementor-widget-container\">\n\t\t\t\t\t<h3 class=\"elementor-heading-title elementor-size-default\"><span class=\"text-primary\">Come<\/span> funziona<\/h3>\t\t\t\t<\/div>\n\t\t\t\t<\/div>\n\t\t\t\t<div class=\"elementor-element elementor-element-567cfbc elementor-widget-divider--view-line elementor-widget elementor-widget-divider\" data-id=\"567cfbc\" data-element_type=\"widget\" data-widget_type=\"divider.default\">\n\t\t\t\t<div class=\"elementor-widget-container\">\n\t\t\t\t\t\t\t<div class=\"elementor-divider\">\n\t\t\t<span class=\"elementor-divider-separator\">\n\t\t\t\t\t\t<\/span>\n\t\t<\/div>\n\t\t\t\t\t\t<\/div>\n\t\t\t\t<\/div>\n\t\t\t\t<div class=\"elementor-element elementor-element-c182788 pt-5 elementor-widget elementor-widget-text-editor\" data-id=\"c182788\" data-element_type=\"widget\" data-widget_type=\"text-editor.default\">\n\t\t\t\t<div class=\"elementor-widget-container\">\n\t\t\t\t\t\t\t\t\t<ol>\n \t<li style=\"list-style-type: none;\">\n<ol>\n \t<li>Inserisci i tuoi dati di consumo: Fornisci le informazioni di base sul tuo consumo attuale.<\/li>\n \t<li>Clicca su &#8220;Calcola Risparmio&#8221;: Lo strumento stimer\u00e0 il risparmio energetico in pochi secondi.<\/li>\n \t<li>Consulta i risultati: Otterrai una visione approssimativa del tuo potenziale risparmio<\/li>\n<\/ol>\n<\/li>\n<\/ol>\n<p class=\"pt-3 h5\"><\/p>\t\t\t\t\t\t\t\t<\/div>\n\t\t\t\t<\/div>\n\t\t\t\t<div class=\"elementor-element elementor-element-019f414 px-4 elementor-widget elementor-widget-text-editor\" data-id=\"019f414\" data-element_type=\"widget\" data-widget_type=\"text-editor.default\">\n\t\t\t\t<div class=\"elementor-widget-container\">\n\t\t\t\t\t\t\t\t\t<p class=\"h5\">\u26a0\ufe0f <strong>Importante:<\/strong> Questo calcolatore offre risultati stimati che non hanno carattere contrattuale n\u00e9 vincolante con GasN2. Per uno studio dettagliato e personalizzato, \u00e8 necessario contattare un tecnico commerciale che ti fornir\u00e0 una consulenza approfondita.<\/p>\t\t\t\t\t\t\t\t<\/div>\n\t\t\t\t<\/div>\n\t\t\t\t\t<\/div>\n\t\t\t\t<\/div>\n\t\t\t\t<\/div>\n\t\t","protected":false},"excerpt":{"rendered":"<p>L\u2019alternativa al consumo convenzionale di gas Calcola i tuoi risparmi energetici e scopri come ottimizzare [&hellip;]<\/p>\n","protected":false},"author":1,"featured_media":0,"parent":0,"menu_order":0,"comment_status":"closed","ping_status":"closed","template":"template-home.php","meta":{"footnotes":""},"class_list":["post-359","page","type-page","status-publish","hentry"],"_links":{"self":[{"href":"https:\/\/ahorrogasn2.com\/it\/wp-json\/wp\/v2\/pages\/359","targetHints":{"allow":["GET"]}}],"collection":[{"href":"https:\/\/ahorrogasn2.com\/it\/wp-json\/wp\/v2\/pages"}],"about":[{"href":"https:\/\/ahorrogasn2.com\/it\/wp-json\/wp\/v2\/types\/page"}],"author":[{"embeddable":true,"href":"https:\/\/ahorrogasn2.com\/it\/wp-json\/wp\/v2\/users\/1"}],"replies":[{"embeddable":true,"href":"https:\/\/ahorrogasn2.com\/it\/wp-json\/wp\/v2\/comments?post=359"}],"version-history":[{"count":11,"href":"https:\/\/ahorrogasn2.com\/it\/wp-json\/wp\/v2\/pages\/359\/revisions"}],"predecessor-version":[{"id":472,"href":"https:\/\/ahorrogasn2.com\/it\/wp-json\/wp\/v2\/pages\/359\/revisions\/472"}],"wp:attachment":[{"href":"https:\/\/ahorrogasn2.com\/it\/wp-json\/wp\/v2\/media?parent=359"}],"curies":[{"name":"wp","href":"https:\/\/api.w.org\/{rel}","templated":true}]}}