{"id":358,"date":"2024-10-21T18:08:31","date_gmt":"2024-10-21T16:08:31","guid":{"rendered":"https:\/\/ahorrogasn2.com\/inicio\/"},"modified":"2025-05-12T15:43:40","modified_gmt":"2025-05-12T13:43:40","slug":"inicio","status":"publish","type":"page","link":"https:\/\/ahorrogasn2.com\/fr\/","title":{"rendered":"Accueil"},"content":{"rendered":"\t\t<div data-elementor-type=\"wp-page\" data-elementor-id=\"358\" class=\"elementor elementor-358 elementor-7\" data-elementor-post-type=\"page\">\n\t\t\t\t<div class=\"elementor-element elementor-element-3834ce2 e-con-full e-flex e-con e-parent\" data-id=\"3834ce2\" data-element_type=\"container\" data-settings=\"{&quot;background_background&quot;:&quot;slideshow&quot;,&quot;background_slideshow_gallery&quot;:[{&quot;id&quot;:29,&quot;url&quot;:&quot;https:\\\/\\\/ahorrogasn2.com\\\/wp-content\\\/uploads\\\/2024\\\/10\\\/bg-home2.jpg&quot;}],&quot;background_slideshow_ken_burns&quot;:&quot;yes&quot;,&quot;background_slideshow_loop&quot;:&quot;yes&quot;,&quot;background_slideshow_slide_duration&quot;:5000,&quot;background_slideshow_slide_transition&quot;:&quot;fade&quot;,&quot;background_slideshow_transition_duration&quot;:500,&quot;background_slideshow_ken_burns_zoom_direction&quot;:&quot;in&quot;}\">\n\t\t\t\t<div class=\"elementor-element elementor-element-4a0785a elementor-widget elementor-widget-heading\" data-id=\"4a0785a\" data-element_type=\"widget\" data-widget_type=\"heading.default\">\n\t\t\t\t<div class=\"elementor-widget-container\">\n\t\t\t\t\t<h2 class=\"elementor-heading-title elementor-size-default\">L\u2019alternative \u00e0 la consommation conventionnelle de gaz<\/h2>\t\t\t\t<\/div>\n\t\t\t\t<\/div>\n\t\t\t\t<\/div>\n\t\t<div class=\"elementor-element elementor-element-9e3946d pt-5 e-flex e-con-boxed e-con e-parent\" data-id=\"9e3946d\" data-element_type=\"container\" id=\"calculez\">\n\t\t\t\t\t<div class=\"e-con-inner\">\n\t\t\t\t<div class=\"elementor-element elementor-element-94ca4f9 py-5 elementor-widget elementor-widget-heading\" data-id=\"94ca4f9\" data-element_type=\"widget\" data-widget_type=\"heading.default\">\n\t\t\t\t<div class=\"elementor-widget-container\">\n\t\t\t\t\t<h3 class=\"elementor-heading-title elementor-size-default\">Calculez vos <span class=\"text-primary\"><strong>\u00e9conomies <\/strong><\/span>et d\u00e9couvrez comment optimiser votre consommation.<\/h3>\t\t\t\t<\/div>\n\t\t\t\t<\/div>\n\t\t\t\t\t<\/div>\n\t\t\t\t<\/div>\n\t\t<div class=\"elementor-element elementor-element-7d47ec0 e-flex e-con-boxed e-con e-parent\" data-id=\"7d47ec0\" data-element_type=\"container\">\n\t\t\t\t\t<div class=\"e-con-inner\">\n\t\t<div class=\"elementor-element elementor-element-2a219a3 e-con-full e-flex e-con e-child\" data-id=\"2a219a3\" data-element_type=\"container\">\n\t\t\t\t<div class=\"elementor-element elementor-element-9e11f95 elementor-widget elementor-widget-text-editor\" data-id=\"9e11f95\" data-element_type=\"widget\" data-widget_type=\"text-editor.default\">\n\t\t\t\t<div class=\"elementor-widget-container\">\n\t\t\t\t\t\t\t\t\t<p class=\"text-center\"><a class=\"btn btn-block btn-primary\" href=\"https:\/\/www.ahorrogasn2.com\/fr\/solutions-de-production-de-gaz\/\">Solutions en g\u00e9n\u00e9ration de gaz\n<\/a><\/p>\n<p class=\"text-center small px-3\">G\u00e9n\u00e9ration sur site d\u2019azote, d\u2019oxyg\u00e8ne et de m\u00e9langes sp\u00e9cifiques pour des applications telles que l\u2019emballage en atmosph\u00e8re modifi\u00e9e (MAP), l\u2019inertage des environnements et d\u2019autres processus industriels.<\/p>\t\t\t\t\t\t\t\t<\/div>\n\t\t\t\t<\/div>\n\t\t\t\t<\/div>\n\t\t<div class=\"elementor-element elementor-element-b80a11f e-con-full e-flex e-con e-child\" data-id=\"b80a11f\" data-element_type=\"container\">\n\t\t\t\t<div class=\"elementor-element elementor-element-63b2f4f elementor-widget elementor-widget-text-editor\" data-id=\"63b2f4f\" data-element_type=\"widget\" data-widget_type=\"text-editor.default\">\n\t\t\t\t<div class=\"elementor-widget-container\">\n\t\t\t\t\t\t\t\t\t<p class=\"text-center\"><a class=\"btn btn-block btn-primary\" href=\"https:\/\/www.ahorrogasn2.com\/fr\/solutions-de-refrigeration-industrielle\/\">Solutions en froid industriel<\/a><\/p>\n<p class=\"small px-2 text-center\">Syst\u00e8mes de ultra-cong\u00e9lation, de cong\u00e9lation et de r\u00e9frig\u00e9ration m\u00e9canique avec capacit\u00e9 de froid \u00e0 tr\u00e8s basses temp\u00e9ratures.\nL\u2019alternative durable \u00e0 l\u2019utilisation d\u2019azote liquide.<\/p>\t\t\t\t\t\t\t\t<\/div>\n\t\t\t\t<\/div>\n\t\t\t\t<\/div>\n\t\t\t\t\t<\/div>\n\t\t\t\t<\/div>\n\t\t<div class=\"elementor-element elementor-element-c126435 pt-5 e-flex e-con-boxed e-con e-parent\" data-id=\"c126435\" data-element_type=\"container\">\n\t\t\t\t\t<div class=\"e-con-inner\">\n\t\t<div class=\"elementor-element elementor-element-53cfb8c e-con-full e-flex e-con e-child\" data-id=\"53cfb8c\" data-element_type=\"container\">\n\t\t\t\t<div class=\"elementor-element elementor-element-60c9317 elementor-view-default elementor-position-top elementor-mobile-position-top elementor-widget elementor-widget-icon-box\" data-id=\"60c9317\" data-element_type=\"widget\" data-widget_type=\"icon-box.default\">\n\t\t\t\t<div class=\"elementor-widget-container\">\n\t\t\t\t\t\t\t<div class=\"elementor-icon-box-wrapper\">\n\n\t\t\t\t\t\t<div class=\"elementor-icon-box-icon\">\n\t\t\t\t<a href=\"https:\/\/ahorrogasn2.com\/fr\/#como-funciona\" class=\"elementor-icon\" tabindex=\"-1\" aria-label=\"COMMENT \u00c7A MARCHE\">\n\t\t\t\t<i aria-hidden=\"true\" class=\"fal fa-question-square\"><\/i>\t\t\t\t<\/a>\n\t\t\t<\/div>\n\t\t\t\n\t\t\t\t\t\t<div class=\"elementor-icon-box-content\">\n\n\t\t\t\t\t\t\t\t\t<p class=\"elementor-icon-box-title\">\n\t\t\t\t\t\t<a href=\"https:\/\/ahorrogasn2.com\/fr\/#como-funciona\" >\n\t\t\t\t\t\t\tCOMMENT \u00c7A MARCHE\t\t\t\t\t\t<\/a>\n\t\t\t\t\t<\/p>\n\t\t\t\t\n\t\t\t\t\n\t\t\t<\/div>\n\t\t\t\n\t\t<\/div>\n\t\t\t\t\t\t<\/div>\n\t\t\t\t<\/div>\n\t\t\t\t<\/div>\n\t\t<div class=\"elementor-element elementor-element-3e118fb e-con-full e-flex e-con e-child\" data-id=\"3e118fb\" data-element_type=\"container\">\n\t\t\t\t<div class=\"elementor-element elementor-element-318cfde elementor-view-default elementor-position-top elementor-mobile-position-top elementor-widget elementor-widget-icon-box\" data-id=\"318cfde\" data-element_type=\"widget\" data-widget_type=\"icon-box.default\">\n\t\t\t\t<div class=\"elementor-widget-container\">\n\t\t\t\t\t\t\t<div class=\"elementor-icon-box-wrapper\">\n\n\t\t\t\t\t\t<div class=\"elementor-icon-box-icon\">\n\t\t\t\t<a href=\"https:\/\/ahorrogasn2.com\/fr\/#calculez\" class=\"elementor-icon\" tabindex=\"-1\" aria-label=\"CALCULEZ VOS \u00c9CONOMIES\">\n\t\t\t\t<i aria-hidden=\"true\" class=\"fal fa-calculator-alt\"><\/i>\t\t\t\t<\/a>\n\t\t\t<\/div>\n\t\t\t\n\t\t\t\t\t\t<div class=\"elementor-icon-box-content\">\n\n\t\t\t\t\t\t\t\t\t<p class=\"elementor-icon-box-title\">\n\t\t\t\t\t\t<a href=\"https:\/\/ahorrogasn2.com\/fr\/#calculez\" >\n\t\t\t\t\t\t\tCALCULEZ VOS \u00c9CONOMIES\t\t\t\t\t\t<\/a>\n\t\t\t\t\t<\/p>\n\t\t\t\t\n\t\t\t\t\n\t\t\t<\/div>\n\t\t\t\n\t\t<\/div>\n\t\t\t\t\t\t<\/div>\n\t\t\t\t<\/div>\n\t\t\t\t<\/div>\n\t\t\t\t\t<\/div>\n\t\t\t\t<\/div>\n\t\t<div class=\"elementor-element elementor-element-70929d7 py-2 e-flex e-con-boxed e-con e-parent\" data-id=\"70929d7\" data-element_type=\"container\" id=\"como-funciona\">\n\t\t\t\t\t<div class=\"e-con-inner\">\n\t\t\t\t<div class=\"elementor-element elementor-element-2b3c43a elementor-widget elementor-widget-heading\" data-id=\"2b3c43a\" data-element_type=\"widget\" data-widget_type=\"heading.default\">\n\t\t\t\t<div class=\"elementor-widget-container\">\n\t\t\t\t\t<h3 class=\"elementor-heading-title elementor-size-default\"><span class=\"text-primary\">Avantages<\/span> de la calculatrice<\/h3>\t\t\t\t<\/div>\n\t\t\t\t<\/div>\n\t\t\t\t<div class=\"elementor-element elementor-element-1899173 elementor-widget-divider--view-line elementor-widget elementor-widget-divider\" data-id=\"1899173\" data-element_type=\"widget\" data-widget_type=\"divider.default\">\n\t\t\t\t<div class=\"elementor-widget-container\">\n\t\t\t\t\t\t\t<div class=\"elementor-divider\">\n\t\t\t<span class=\"elementor-divider-separator\">\n\t\t\t\t\t\t<\/span>\n\t\t<\/div>\n\t\t\t\t\t\t<\/div>\n\t\t\t\t<\/div>\n\t\t\t\t<div class=\"elementor-element elementor-element-6844666 pt-5 elementor-widget elementor-widget-text-editor\" data-id=\"6844666\" data-element_type=\"widget\" data-widget_type=\"text-editor.default\">\n\t\t\t\t<div class=\"elementor-widget-container\">\n\t\t\t\t\t\t\t\t\t<ol>\n <li>\u00c9conomies \u00e0 port\u00e9e de main : Visualisez facilement et rapidement combien vous pouvez r\u00e9duire sur votre facture de consommation.<\/li> <li>Facile \u00e0 utiliser : Notre outil est intuitif et ne n\u00e9cessite aucune connaissance technique.<\/li>\n <li>R\u00e9sultats imm\u00e9diats : En quelques secondes, vous obtiendrez une estimation claire de vos \u00e9conomies potentielles.<\/li>\n <li>Sans engagement : C\u2019est un outil indicatif et gratuit qui vous aide \u00e0 conna\u00eetre vos possibilit\u00e9s d\u2019\u00e9conomies.<\/li> <\/ol>\t\t\t\t\t\t\t\t<\/div>\n\t\t\t\t<\/div>\n\t\t\t\t\t<\/div>\n\t\t\t\t<\/div>\n\t\t<div class=\"elementor-element elementor-element-7b2f253 py-2 e-flex e-con-boxed e-con e-parent\" data-id=\"7b2f253\" data-element_type=\"container\">\n\t\t\t\t\t<div class=\"e-con-inner\">\n\t\t\t\t<div class=\"elementor-element elementor-element-668e849 elementor-widget elementor-widget-heading\" data-id=\"668e849\" data-element_type=\"widget\" data-widget_type=\"heading.default\">\n\t\t\t\t<div class=\"elementor-widget-container\">\n\t\t\t\t\t<h3 class=\"elementor-heading-title elementor-size-default\"><span class=\"text-primary\">Comment<\/span> \u00e7a marche<\/h3>\t\t\t\t<\/div>\n\t\t\t\t<\/div>\n\t\t\t\t<div class=\"elementor-element elementor-element-567cfbc elementor-widget-divider--view-line elementor-widget elementor-widget-divider\" data-id=\"567cfbc\" data-element_type=\"widget\" data-widget_type=\"divider.default\">\n\t\t\t\t<div class=\"elementor-widget-container\">\n\t\t\t\t\t\t\t<div class=\"elementor-divider\">\n\t\t\t<span class=\"elementor-divider-separator\">\n\t\t\t\t\t\t<\/span>\n\t\t<\/div>\n\t\t\t\t\t\t<\/div>\n\t\t\t\t<\/div>\n\t\t\t\t<div class=\"elementor-element elementor-element-c182788 pt-5 elementor-widget elementor-widget-text-editor\" data-id=\"c182788\" data-element_type=\"widget\" data-widget_type=\"text-editor.default\">\n\t\t\t\t<div class=\"elementor-widget-container\">\n\t\t\t\t\t\t\t\t\t<ol> \n<li style=\"list-style-type: none;\"> <ol> <li>Compl\u00e9tez vos donn\u00e9es de consommation : Entrez vos informations de base sur la consommation actuelle.<\/li> <li>Cliquez sur \u00ab\u00a0Calculer les \u00e9conomies\u00a0\u00bb : L&rsquo;outil estimera les \u00e9conomies financi\u00e8res et les \u00e9missions de CO<sub>2<\/sub> en quelques secondes.<\/li>\n <li>Consultez les r\u00e9sultats : Vous obtiendrez une estimation approximative de vos \u00e9conomies potentielles.<\/li>\n <\/ol> \t\t\t\t\t\t\t\t<\/div>\n\t\t\t\t<\/div>\n\t\t\t\t<div class=\"elementor-element elementor-element-019f414 px-4 elementor-widget elementor-widget-text-editor\" data-id=\"019f414\" data-element_type=\"widget\" data-widget_type=\"text-editor.default\">\n\t\t\t\t<div class=\"elementor-widget-container\">\n\t\t\t\t\t\t\t\t\t<p class=\"h5\">\u26a0\ufe0f <strong>Important:<\/strong> Ce calculateur fournit des r\u00e9sultats estimatifs qui n&rsquo;ont pas de caract\u00e8re contractuel ni contraignant avec GasN2. Pour une \u00e9tude d\u00e9taill\u00e9e et personnalis\u00e9e, il sera n\u00e9cessaire de contacter un technicien commercial qui vous conseillera en profondeur.<\/p>\t\t\t\t\t\t\t\t<\/div>\n\t\t\t\t<\/div>\n\t\t\t\t\t<\/div>\n\t\t\t\t<\/div>\n\t\t\t\t<\/div>\n\t\t","protected":false},"excerpt":{"rendered":"<p>L\u2019alternative \u00e0 la consommation conventionnelle de gaz Calculez vos \u00e9conomies et d\u00e9couvrez comment optimiser votre [&hellip;]<\/p>\n","protected":false},"author":1,"featured_media":0,"parent":0,"menu_order":0,"comment_status":"closed","ping_status":"closed","template":"template-home.php","meta":{"footnotes":""},"class_list":["post-358","page","type-page","status-publish","hentry"],"_links":{"self":[{"href":"https:\/\/ahorrogasn2.com\/fr\/wp-json\/wp\/v2\/pages\/358","targetHints":{"allow":["GET"]}}],"collection":[{"href":"https:\/\/ahorrogasn2.com\/fr\/wp-json\/wp\/v2\/pages"}],"about":[{"href":"https:\/\/ahorrogasn2.com\/fr\/wp-json\/wp\/v2\/types\/page"}],"author":[{"embeddable":true,"href":"https:\/\/ahorrogasn2.com\/fr\/wp-json\/wp\/v2\/users\/1"}],"replies":[{"embeddable":true,"href":"https:\/\/ahorrogasn2.com\/fr\/wp-json\/wp\/v2\/comments?post=358"}],"version-history":[{"count":8,"href":"https:\/\/ahorrogasn2.com\/fr\/wp-json\/wp\/v2\/pages\/358\/revisions"}],"predecessor-version":[{"id":469,"href":"https:\/\/ahorrogasn2.com\/fr\/wp-json\/wp\/v2\/pages\/358\/revisions\/469"}],"wp:attachment":[{"href":"https:\/\/ahorrogasn2.com\/fr\/wp-json\/wp\/v2\/media?parent=358"}],"curies":[{"name":"wp","href":"https:\/\/api.w.org\/{rel}","templated":true}]}}